{"id":393,"date":"2022-05-23T22:33:12","date_gmt":"2022-05-23T20:33:12","guid":{"rendered":"https:\/\/alb-www.fdd-cf.com\/accueil\/"},"modified":"2024-02-01T15:05:48","modified_gmt":"2024-02-01T14:05:48","slug":"accueil","status":"publish","type":"page","link":"https:\/\/www.fdd-cf.com\/en\/accueil\/","title":{"rendered":"Accueil"},"content":{"rendered":"<div class=\"bg-white overflow-x-hidden relative z-0\">\n\n    <div class=\"swiper swiper-bg\">\n      <div class=\"swiper-wrapper\">\n                      <div class=\"swiper-slide min-h-[350px] md:min-h-[544px] flex items-center justify-center\">\n              <div class=\"absolute inset-0 z-0\">\n                <div class=\"absolute inset-0 mix-blend-multiply bg-brown\/60\"><\/div>\n                <img loading=\"lazy\" decoding=\"async\" width=\"1440\" height=\"544\" src=\"https:\/\/www.fdd-cf.com\/wp-content\/uploads\/2022\/05\/fdd-cf-slide-01.jpg\" class=\"object-cover w-full h-full\" alt=\"\" srcset=\"https:\/\/www.fdd-cf.com\/wp-content\/uploads\/2022\/05\/fdd-cf-slide-01.jpg 1440w, https:\/\/www.fdd-cf.com\/wp-content\/uploads\/2022\/05\/fdd-cf-slide-01-300x113.jpg 300w, https:\/\/www.fdd-cf.com\/wp-content\/uploads\/2022\/05\/fdd-cf-slide-01-1024x387.jpg 1024w, https:\/\/www.fdd-cf.com\/wp-content\/uploads\/2022\/05\/fdd-cf-slide-01-768x290.jpg 768w\" sizes=\"auto, (max-width: 1440px) 100vw, 1440px\" \/>\n              <\/div>\n              \n            <\/div>\n                      <div class=\"swiper-slide min-h-[350px] md:min-h-[544px] flex items-center justify-center\">\n              <div class=\"absolute inset-0 z-0\">\n                <div class=\"absolute inset-0 mix-blend-multiply bg-brown\/60\"><\/div>\n                <img loading=\"lazy\" decoding=\"async\" width=\"1440\" height=\"544\" src=\"https:\/\/www.fdd-cf.com\/wp-content\/uploads\/2022\/05\/fdd-cf-slide-02.jpg\" class=\"object-cover w-full h-full\" alt=\"\" srcset=\"https:\/\/www.fdd-cf.com\/wp-content\/uploads\/2022\/05\/fdd-cf-slide-02.jpg 1440w, https:\/\/www.fdd-cf.com\/wp-content\/uploads\/2022\/05\/fdd-cf-slide-02-300x113.jpg 300w, https:\/\/www.fdd-cf.com\/wp-content\/uploads\/2022\/05\/fdd-cf-slide-02-1024x387.jpg 1024w, https:\/\/www.fdd-cf.com\/wp-content\/uploads\/2022\/05\/fdd-cf-slide-02-768x290.jpg 768w\" sizes=\"auto, (max-width: 1440px) 100vw, 1440px\" \/>\n              <\/div>\n              \n            <\/div>\n                      <div class=\"swiper-slide min-h-[350px] md:min-h-[544px] flex items-center justify-center\">\n              <div class=\"absolute inset-0 z-0\">\n                <div class=\"absolute inset-0 mix-blend-multiply bg-brown\/60\"><\/div>\n                <img loading=\"lazy\" decoding=\"async\" width=\"1440\" height=\"544\" src=\"https:\/\/www.fdd-cf.com\/wp-content\/uploads\/2022\/05\/fdd-cf-slide-03.jpg\" class=\"object-cover w-full h-full\" alt=\"\" srcset=\"https:\/\/www.fdd-cf.com\/wp-content\/uploads\/2022\/05\/fdd-cf-slide-03.jpg 1440w, https:\/\/www.fdd-cf.com\/wp-content\/uploads\/2022\/05\/fdd-cf-slide-03-300x113.jpg 300w, https:\/\/www.fdd-cf.com\/wp-content\/uploads\/2022\/05\/fdd-cf-slide-03-1024x387.jpg 1024w, https:\/\/www.fdd-cf.com\/wp-content\/uploads\/2022\/05\/fdd-cf-slide-03-768x290.jpg 768w\" sizes=\"auto, (max-width: 1440px) 100vw, 1440px\" \/>\n              <\/div>\n              \n            <\/div>\n                <\/div>\n      <!-- If we need pagination -->\n      <div class=\"swiper-pagination\"><\/div>\n\n      <!-- If we need navigation buttons -->\n      <div class=\"swiper-button-prev z-40 rounded-full text-white bg-black\/40 w-40 h-40 absolute top-1\/2 left-8 md:left-20 cursor-pointer flex items-center justify-center\">\n        <svg xmlns=\"http:\/\/www.w3.org\/2000\/svg\" class=\"h-25 w-25\" fill=\"none\" viewBox=\"0 0 24 24\" stroke=\"currentColor\" stroke-width=\"2\">\n          <path stroke-linecap=\"round\" stroke-linejoin=\"round\" d=\"M15 19l-7-7 7-7\" \/>\n        <\/svg>\n      <\/div>\n      <div class=\"swiper-button-next z-40 rounded-full text-white bg-black\/40 w-40 h-40 absolute top-1\/2 right-8 md:right-20 cursor-pointer flex items-center justify-center\">\n        <svg xmlns=\"http:\/\/www.w3.org\/2000\/svg\" class=\"h-25 w-25\" fill=\"none\" viewBox=\"0 0 24 24\" stroke=\"currentColor\" stroke-width=\"2\">\n          <path stroke-linecap=\"round\" stroke-linejoin=\"round\" d=\"M9 5l7 7-7 7\" \/>\n        <\/svg>\n      <\/div>\n    <\/div>\n\n    <div class=\"absolute top-1\/2 left-1\/2 -translate-y-1\/2 -translate-x-1\/2 z-20\">\n      <div class=\"swiper swiper-text  max-w-[60vw] w-full\">\n        <div class=\"swiper-wrapper\">\n                  <div class=\"swiper-slide\">\n            <div class=\"text-white text-lg md:text-xl font-display z-30 text-center hide-br-mobile\">\n              L\u2019acc\u00e8s \u00e0 une alimentation saine\u2028 <br \/>\r\net respectueuse de l\u2019environnement \n            <\/div>\n          <\/div>\n                  <div class=\"swiper-slide\">\n            <div class=\"text-white text-lg md:text-xl font-display z-30 text-center hide-br-mobile\">\n              L\u2019acc\u00e8s \u00e0 une alimentation saine \u2028<br \/>\r\net respectueuse de l\u2019environnement\n            <\/div>\n          <\/div>\n                  <div class=\"swiper-slide\">\n            <div class=\"text-white text-lg md:text-xl font-display z-30 text-center hide-br-mobile\">\n              L\u2019acc\u00e8s \u00e0 une alimentation saine \u2028<br \/>\r\net respectueuse de l\u2019environnement\n            <\/div>\n          <\/div>\n                <\/div>\n      <\/div>\n    <\/div>\n\n  <\/div>\n\n\n<section id=\"\" class=\"text-image  py-50 md:py-96\">\n  <div class=\"container\">\n          <h2 class=\"h1\">Le Fonds de dotation Compagnie Fruiti\u00e8re<\/h2>\n        <div class=\"md:grid md:grid-cols-12 md:gap-x-32 lg:gap-x-64\">\n      <div class=\"md:col-span-6  mb-50 md:mb-0 \">\n                <div class=\"prose prose-p:text-gris-body mt-16 \">\n          <p>Le Fonds de dotation Compagnie Fruiti\u00e8re a \u00e9t\u00e9 cr\u00e9\u00e9 en 2012. Son action s\u2019inscrit dans la continuit\u00e9 de la d\u00e9marche de responsabilit\u00e9 soci\u00e9tale initi\u00e9e par l\u2019Entreprise.<\/p>\n<p>Depuis dix ans, le soutien aux populations fragilis\u00e9es est le fil rouge dans toutes nos actions, \u00e0 Marseille comme en Afrique.<\/p>\n<p>L\u2019ann\u00e9e 2022 marque le dixi\u00e8me anniversaire du Fonds, ainsi qu\u2019une nouvelle orientation vers la th\u00e9matique de l\u2019<strong>alimentation durable.<\/strong><\/p>\n<p>Cette nouvelle strat\u00e9gie s\u2019accompagne \u00e9galement d\u2019une volont\u00e9 de renforcer l\u2019engagement des collaborateurs du Groupe.<\/p>\n\n        <\/div>\n                  <a class=\"text-white inline-block py-12 text-sm font-medium px-16 uppercase rounded-full decoration-0 no-underline bg-orange hover:bg-brown transition-colors mt-32\" href=\"https:\/\/www.fdd-cf.com\/autres-projets\/\" target=\"\">Nos autres projets<\/a>\n              <\/div>\n      <div class=\"md:col-span-5 \">\n        <div class=\"\">\n                      <img loading=\"lazy\" decoding=\"async\" width=\"560\" height=\"400\" src=\"https:\/\/www.fdd-cf.com\/wp-content\/uploads\/2022\/05\/image_text.jpg\" class=\"w-full rounded-lg\" alt=\"\" srcset=\"https:\/\/www.fdd-cf.com\/wp-content\/uploads\/2022\/05\/image_text.jpg 560w, https:\/\/www.fdd-cf.com\/wp-content\/uploads\/2022\/05\/image_text-300x214.jpg 300w\" sizes=\"auto, (max-width: 560px) 100vw, 560px\" \/>\n                              <\/div>\n      <\/div>\n    <\/div>\n  <\/div>\n<\/section>\n\n\n<section id=\"\" class=\"text-image  py-50 md:py-96\">\n  <div class=\"container\">\n        <div class=\"md:grid md:grid-cols-12 md:gap-x-32 lg:gap-x-64\">\n      <div class=\"md:col-span-6  mb-50 md:mb-0  md:order-2 \">\n                <div class=\"prose prose-p:text-gris-body mt-16 \">\n          <p>Le Fonds de dotation Compagnie Fruiti\u00e8re a \u00e9t\u00e9 cr\u00e9\u00e9 en 2012. Son action s\u2019inscrit dans la continuit\u00e9 de la d\u00e9marche de responsabilit\u00e9 soci\u00e9tale initi\u00e9e par l\u2019Entreprise.<\/p>\n<p>Depuis dix ans, le soutien aux populations fragilis\u00e9es est le fil rouge dans toutes nos actions, \u00e0 Marseille comme en Afrique.<\/p>\n<p>L\u2019ann\u00e9e 2022 marque le dixi\u00e8me anniversaire du Fonds, ainsi qu\u2019une nouvelle orientation vers la th\u00e9matique de l\u2019<strong>alimentation durable.<\/strong><\/p>\n<p>Cette nouvelle strat\u00e9gie s\u2019accompagne \u00e9galement d\u2019une volont\u00e9 de renforcer l\u2019engagement des collaborateurs du Groupe.<\/p>\n\n        <\/div>\n                  <a class=\"text-white inline-block py-12 text-sm font-medium px-16 uppercase rounded-full decoration-0 no-underline bg-orange hover:bg-brown transition-colors mt-32\" href=\"https:\/\/www.fdd-cf.com\/autres-projets\/\" target=\"\">Nos autres projets<\/a>\n              <\/div>\n      <div class=\"md:col-span-5  md:order-1 \">\n        <div class=\"\">\n                      <img loading=\"lazy\" decoding=\"async\" width=\"560\" height=\"400\" src=\"https:\/\/www.fdd-cf.com\/wp-content\/uploads\/2022\/05\/image_text.jpg\" class=\"w-full rounded-lg\" alt=\"\" srcset=\"https:\/\/www.fdd-cf.com\/wp-content\/uploads\/2022\/05\/image_text.jpg 560w, https:\/\/www.fdd-cf.com\/wp-content\/uploads\/2022\/05\/image_text-300x214.jpg 300w\" sizes=\"auto, (max-width: 560px) 100vw, 560px\" \/>\n                              <\/div>\n      <\/div>\n    <\/div>\n  <\/div>\n<\/section>\n\n\n<section id=\"\" class=\"container mb-50 md:mb-96 md:mt-96\">\n  <h2 class=\"h1\">Latest news<\/h2>\n  <div class=\"grid grid-cols-12 gap-32 justify-center mb-64 max-w-4xl mx-auto\">\n                 <div class=\"col-span-6 text-left flex flex-col h-full\">\n                <div class=\"aspect-video rounded-lg overflow-hidden\">\n          <img loading=\"lazy\" decoding=\"async\" width=\"1024\" height=\"769\" src=\"https:\/\/www.fdd-cf.com\/wp-content\/uploads\/2025\/12\/kondre-1024x769.jpg\" class=\"w-full h-full object-cover wp-post-image\" alt=\"\" srcset=\"https:\/\/www.fdd-cf.com\/wp-content\/uploads\/2025\/12\/kondre-1024x769.jpg 1024w, https:\/\/www.fdd-cf.com\/wp-content\/uploads\/2025\/12\/kondre-300x225.jpg 300w, https:\/\/www.fdd-cf.com\/wp-content\/uploads\/2025\/12\/kondre-768x576.jpg 768w, https:\/\/www.fdd-cf.com\/wp-content\/uploads\/2025\/12\/kondre-1536x1153.jpg 1536w, https:\/\/www.fdd-cf.com\/wp-content\/uploads\/2025\/12\/kondre-2048x1537.jpg 2048w\" sizes=\"auto, (max-width: 1024px) 100vw, 1024px\" \/>\n        <\/div>\n                        <div class=\"text-sm mt-24\">December 2025<\/div>\n        <div class=\"text-[18px] font-bold mb-18\">Call for applications for our 2026 culinary residency in Cameroon<\/div>\n        <div class=\"text-sm bg-white prose p-16\">\n          <div class=\"bg-white\"><div class=\"container py-8 pb-16 default-paragraph\">\n<p>For the second year running, the Compagnie Fruiti\u00e8re Foundation, in collaboration with ICI\u2013Les Grandes Tables and Les Cuisines Africaines, is accepting applications for a culinary residency in Cameroon from 23 February to 9 March 2026.&nbsp;<\/p>\n<\/div><\/div>\n\n<div class=\"bg-white\"><div class=\"container py-8 pb-16 default-paragraph\">\n<p>This residency offers a unique experience based on transmission, sharing and dialogue between regions, cultures and generations.<\/p>\n<\/div><\/div>\n\n<div class=\"bg-white\"><div class=\"container py-8 pb-16 default-paragraph\">\n<p>We are looking for:<br>&#8211; A young chef who is passionate, creative and curious, and<br>&#8211; An experienced chef<\/p>\n<\/div><\/div>\n\n<div class=\"bg-white\"><div class=\"container py-8 pb-16 default-paragraph\">\n<p>Their mission? To live together an immersive experience at the heart of Cameroon&#8217;s culinary and cultural heritage, between Yaound\u00e9, Douala and the PHP plantations in Njomb\u00e9, to explore, learn, create and pass on their knowledge.<\/p>\n<\/div><\/div>\n\n<div class=\"bg-white\"><div class=\"container py-8 pb-16 default-paragraph\">\n<p>Applications are open now until 4 January 2026!<\/p>\n<\/div><\/div>\n\n<div class=\"bg-white\"><div class=\"container py-8 pb-16 default-paragraph\">\n<p>More details in the attachment.<\/p>\n<\/div><\/div>\n\n<div class=\"bg-white\"><div class=\"container py-8 pb-16 default-paragraph\">\n<p><\/p>\n<\/div><\/div>\n\n\n<div class=\"wp-block-buttons is-content-justification-center is-layout-flex wp-container-core-buttons-is-layout-51f7783f wp-block-buttons-is-layout-flex\">\n<div class=\"wp-block-button has-custom-width wp-block-button__width-100\"><a class=\"wp-block-button__link wp-element-button\" href=\"https:\/\/www.fdd-cf.com\/wp-content\/uploads\/2025\/12\/FDDCF-Appel-candidatures-residence-Cameroun-3dec2025.pdf\" target=\"_blank\" rel=\"noreferrer noopener\">Download attachment<\/a><\/div>\n<\/div>\n\n\n<div class=\"bg-white\"><div class=\"container py-8 pb-16 default-paragraph\">\n<p><\/p>\n<\/div><\/div>\n\n<div class=\"bg-white\"><div class=\"container py-8 pb-16 default-paragraph\">\n<p><\/p>\n<\/div><\/div>        <\/div>\n                      <\/div>\n                 <div class=\"col-span-6 text-left flex flex-col h-full\">\n                <div class=\"aspect-video rounded-lg overflow-hidden\">\n          <img loading=\"lazy\" decoding=\"async\" width=\"1024\" height=\"683\" src=\"https:\/\/www.fdd-cf.com\/wp-content\/uploads\/2025\/06\/anne-sophie-nival-Le-Talus-1024x683.jpg\" class=\"w-full h-full object-cover wp-post-image\" alt=\"\" srcset=\"https:\/\/www.fdd-cf.com\/wp-content\/uploads\/2025\/06\/anne-sophie-nival-Le-Talus-1024x683.jpg 1024w, https:\/\/www.fdd-cf.com\/wp-content\/uploads\/2025\/06\/anne-sophie-nival-Le-Talus-300x200.jpg 300w, https:\/\/www.fdd-cf.com\/wp-content\/uploads\/2025\/06\/anne-sophie-nival-Le-Talus-768x512.jpg 768w, https:\/\/www.fdd-cf.com\/wp-content\/uploads\/2025\/06\/anne-sophie-nival-Le-Talus-1536x1024.jpg 1536w\" sizes=\"auto, (max-width: 1024px) 100vw, 1024px\" \/>\n        <\/div>\n                        <div class=\"text-sm mt-24\">June 2025<\/div>\n        <div class=\"text-[18px] font-bold mb-18\">Evening of Discussions on Sustainable Food with the Endowment Fund<\/div>\n        <div class=\"text-sm bg-white prose p-16\">\n          <div class=\"bg-white\"><div class=\"container py-8 pb-16 default-paragraph\">\n<p>On June 11, the Foundation organized an evening of discussions on local dynamics surrounding sustainable food at one of its long-standing partners, Le Talus, in Marseille. This was an opportunity for the hundred or so people in attendance to share local insights and solutions.<\/p>\n<\/div><\/div>        <\/div>\n                      <\/div>\n      <\/div>\n  <div class=\"bg-white max-w-[800px] pb-60 pt-30 px-30 text-center mx-auto\">\n    <div class=\"mb-40 font-display text-[18px]\">Suivez nos actualit\u00e9s sur<\/div>\n          <div class=\"flex items-center justify-center space-x-32\">\n              <a href=\"https:\/\/www.centre-francais-fondations.org\/\" target=\"_blank\" nofollow>\n          <img loading=\"lazy\" decoding=\"async\" width=\"150\" height=\"150\" src=\"https:\/\/www.fdd-cf.com\/wp-content\/uploads\/2022\/09\/centre-francais-des-fonds-de-dotation-150x150.png\" class=\"w-130\" alt=\"\" \/>\n        <\/a>\n            <\/div>\n      <\/div>\n<\/section>\n","protected":false},"excerpt":{"rendered":"","protected":false},"author":4,"featured_media":0,"parent":0,"menu_order":0,"comment_status":"closed","ping_status":"closed","template":"","meta":{"_acf_changed":false,"inline_featured_image":false,"footnotes":""},"class_list":["post-393","page","type-page","status-publish","hentry"],"acf":[],"yoast_head":"<!-- This site is optimized with the Yoast SEO plugin v27.5 - https:\/\/yoast.com\/product\/yoast-seo-wordpress\/ -->\n<title>Accueil - Fonds de dotation Compagnie Fruiti\u00e8re<\/title>\n<meta name=\"robots\" content=\"index, follow, max-snippet:-1, max-image-preview:large, max-video-preview:-1\" \/>\n<link rel=\"canonical\" href=\"https:\/\/www.fdd-cf.com\/en\/accueil\/\" \/>\n<meta property=\"og:locale\" content=\"en_US\" \/>\n<meta property=\"og:type\" content=\"article\" \/>\n<meta property=\"og:title\" content=\"Accueil - Fonds de dotation Compagnie Fruiti\u00e8re\" \/>\n<meta property=\"og:url\" content=\"https:\/\/www.fdd-cf.com\/en\/accueil\/\" \/>\n<meta property=\"og:site_name\" content=\"Fonds de dotation Compagnie Fruiti\u00e8re\" \/>\n<meta property=\"article:modified_time\" content=\"2024-02-01T14:05:48+00:00\" \/>\n<meta name=\"twitter:card\" content=\"summary_large_image\" \/>\n<script type=\"application\/ld+json\" class=\"yoast-schema-graph\">{\"@context\":\"https:\\\/\\\/schema.org\",\"@graph\":[{\"@type\":\"WebPage\",\"@id\":\"https:\\\/\\\/www.fdd-cf.com\\\/en\\\/accueil\\\/\",\"url\":\"https:\\\/\\\/www.fdd-cf.com\\\/en\\\/accueil\\\/\",\"name\":\"Accueil - Fonds de dotation Compagnie Fruiti\u00e8re\",\"isPartOf\":{\"@id\":\"https:\\\/\\\/www.fdd-cf.com\\\/#website\"},\"datePublished\":\"2022-05-23T20:33:12+00:00\",\"dateModified\":\"2024-02-01T14:05:48+00:00\",\"breadcrumb\":{\"@id\":\"https:\\\/\\\/www.fdd-cf.com\\\/en\\\/accueil\\\/#breadcrumb\"},\"inLanguage\":\"en-US\",\"potentialAction\":[{\"@type\":\"ReadAction\",\"target\":[\"https:\\\/\\\/www.fdd-cf.com\\\/en\\\/accueil\\\/\"]}]},{\"@type\":\"BreadcrumbList\",\"@id\":\"https:\\\/\\\/www.fdd-cf.com\\\/en\\\/accueil\\\/#breadcrumb\",\"itemListElement\":[{\"@type\":\"ListItem\",\"position\":1,\"name\":\"Accueil\",\"item\":\"https:\\\/\\\/www.fdd-cf.com\\\/en\\\/\"},{\"@type\":\"ListItem\",\"position\":2,\"name\":\"Accueil\"}]},{\"@type\":\"WebSite\",\"@id\":\"https:\\\/\\\/www.fdd-cf.com\\\/#website\",\"url\":\"https:\\\/\\\/www.fdd-cf.com\\\/\",\"name\":\"Fonds de dotation Compagnie Fruiti\u00e8re\",\"description\":\"\",\"publisher\":{\"@id\":\"https:\\\/\\\/www.fdd-cf.com\\\/#organization\"},\"potentialAction\":[{\"@type\":\"SearchAction\",\"target\":{\"@type\":\"EntryPoint\",\"urlTemplate\":\"https:\\\/\\\/www.fdd-cf.com\\\/?s={search_term_string}\"},\"query-input\":{\"@type\":\"PropertyValueSpecification\",\"valueRequired\":true,\"valueName\":\"search_term_string\"}}],\"inLanguage\":\"en-US\"},{\"@type\":\"Organization\",\"@id\":\"https:\\\/\\\/www.fdd-cf.com\\\/#organization\",\"name\":\"Fonds de dotation Compagnie Fruiti\u00e8re\",\"url\":\"https:\\\/\\\/www.fdd-cf.com\\\/\",\"logo\":{\"@type\":\"ImageObject\",\"inLanguage\":\"en-US\",\"@id\":\"https:\\\/\\\/www.fdd-cf.com\\\/#\\\/schema\\\/logo\\\/image\\\/\",\"url\":\"https:\\\/\\\/www.fdd-cf.com\\\/wp-content\\\/uploads\\\/2023\\\/03\\\/FDDCF-logo-en-simple.svg\",\"contentUrl\":\"https:\\\/\\\/www.fdd-cf.com\\\/wp-content\\\/uploads\\\/2023\\\/03\\\/FDDCF-logo-en-simple.svg\",\"caption\":\"Fonds de dotation Compagnie Fruiti\u00e8re\"},\"image\":{\"@id\":\"https:\\\/\\\/www.fdd-cf.com\\\/#\\\/schema\\\/logo\\\/image\\\/\"}}]}<\/script>\n<!-- \/ Yoast SEO plugin. -->","yoast_head_json":{"title":"Accueil - Fonds de dotation Compagnie Fruiti\u00e8re","robots":{"index":"index","follow":"follow","max-snippet":"max-snippet:-1","max-image-preview":"max-image-preview:large","max-video-preview":"max-video-preview:-1"},"canonical":"https:\/\/www.fdd-cf.com\/en\/accueil\/","og_locale":"en_US","og_type":"article","og_title":"Accueil - Fonds de dotation Compagnie Fruiti\u00e8re","og_url":"https:\/\/www.fdd-cf.com\/en\/accueil\/","og_site_name":"Fonds de dotation Compagnie Fruiti\u00e8re","article_modified_time":"2024-02-01T14:05:48+00:00","twitter_card":"summary_large_image","schema":{"@context":"https:\/\/schema.org","@graph":[{"@type":"WebPage","@id":"https:\/\/www.fdd-cf.com\/en\/accueil\/","url":"https:\/\/www.fdd-cf.com\/en\/accueil\/","name":"Accueil - Fonds de dotation Compagnie Fruiti\u00e8re","isPartOf":{"@id":"https:\/\/www.fdd-cf.com\/#website"},"datePublished":"2022-05-23T20:33:12+00:00","dateModified":"2024-02-01T14:05:48+00:00","breadcrumb":{"@id":"https:\/\/www.fdd-cf.com\/en\/accueil\/#breadcrumb"},"inLanguage":"en-US","potentialAction":[{"@type":"ReadAction","target":["https:\/\/www.fdd-cf.com\/en\/accueil\/"]}]},{"@type":"BreadcrumbList","@id":"https:\/\/www.fdd-cf.com\/en\/accueil\/#breadcrumb","itemListElement":[{"@type":"ListItem","position":1,"name":"Accueil","item":"https:\/\/www.fdd-cf.com\/en\/"},{"@type":"ListItem","position":2,"name":"Accueil"}]},{"@type":"WebSite","@id":"https:\/\/www.fdd-cf.com\/#website","url":"https:\/\/www.fdd-cf.com\/","name":"Fonds de dotation Compagnie Fruiti\u00e8re","description":"","publisher":{"@id":"https:\/\/www.fdd-cf.com\/#organization"},"potentialAction":[{"@type":"SearchAction","target":{"@type":"EntryPoint","urlTemplate":"https:\/\/www.fdd-cf.com\/?s={search_term_string}"},"query-input":{"@type":"PropertyValueSpecification","valueRequired":true,"valueName":"search_term_string"}}],"inLanguage":"en-US"},{"@type":"Organization","@id":"https:\/\/www.fdd-cf.com\/#organization","name":"Fonds de dotation Compagnie Fruiti\u00e8re","url":"https:\/\/www.fdd-cf.com\/","logo":{"@type":"ImageObject","inLanguage":"en-US","@id":"https:\/\/www.fdd-cf.com\/#\/schema\/logo\/image\/","url":"https:\/\/www.fdd-cf.com\/wp-content\/uploads\/2023\/03\/FDDCF-logo-en-simple.svg","contentUrl":"https:\/\/www.fdd-cf.com\/wp-content\/uploads\/2023\/03\/FDDCF-logo-en-simple.svg","caption":"Fonds de dotation Compagnie Fruiti\u00e8re"},"image":{"@id":"https:\/\/www.fdd-cf.com\/#\/schema\/logo\/image\/"}}]}},"_links":{"self":[{"href":"https:\/\/www.fdd-cf.com\/en\/wp-json\/wp\/v2\/pages\/393","targetHints":{"allow":["GET"]}}],"collection":[{"href":"https:\/\/www.fdd-cf.com\/en\/wp-json\/wp\/v2\/pages"}],"about":[{"href":"https:\/\/www.fdd-cf.com\/en\/wp-json\/wp\/v2\/types\/page"}],"author":[{"embeddable":true,"href":"https:\/\/www.fdd-cf.com\/en\/wp-json\/wp\/v2\/users\/4"}],"replies":[{"embeddable":true,"href":"https:\/\/www.fdd-cf.com\/en\/wp-json\/wp\/v2\/comments?post=393"}],"version-history":[{"count":2,"href":"https:\/\/www.fdd-cf.com\/en\/wp-json\/wp\/v2\/pages\/393\/revisions"}],"predecessor-version":[{"id":1881,"href":"https:\/\/www.fdd-cf.com\/en\/wp-json\/wp\/v2\/pages\/393\/revisions\/1881"}],"wp:attachment":[{"href":"https:\/\/www.fdd-cf.com\/en\/wp-json\/wp\/v2\/media?parent=393"}],"curies":[{"name":"wp","href":"https:\/\/api.w.org\/{rel}","templated":true}]}}